{"id":18,"date":"2022-08-13T01:28:50","date_gmt":"2022-08-13T01:28:50","guid":{"rendered":"https:\/\/radiounonet.com\/?page_id=18"},"modified":"2022-09-14T22:51:40","modified_gmt":"2022-09-14T22:51:40","slug":"inicio","status":"publish","type":"page","link":"https:\/\/radiounonet.com\/","title":{"rendered":"Inicio"},"content":{"rendered":"\t\t<div data-elementor-type=\"wp-page\" data-elementor-id=\"18\" class=\"elementor elementor-18\">\n\t\t\t\t\t\t\t\t\t<section class=\"elementor-section elementor-top-section elementor-element elementor-element-7peowmi elementor-section-height-min-height elementor-section-items-stretch elementor-reverse-tablet elementor-reverse-mobile elementor-hidden-tablet elementor-hidden-mobile elementor-section-boxed elementor-section-height-default\" data-id=\"7peowmi\" data-element_type=\"section\" data-settings=\"{&quot;background_background&quot;:&quot;classic&quot;,&quot;animation&quot;:&quot;none&quot;}\">\n\t\t\t\t\t\t\t<div class=\"elementor-background-overlay\"><\/div>\n\t\t\t\t\t\t\t<div class=\"elementor-container elementor-column-gap-no\">\n\t\t\t\t\t<div class=\"elementor-column elementor-col-100 elementor-top-column elementor-element elementor-element-79e9ba0\" data-id=\"79e9ba0\" data-element_type=\"column\">\n\t\t\t<div class=\"elementor-widget-wrap\">\n\t\t\t\t\t\t\t\t\t<\/div>\n\t\t<\/div>\n\t\t\t\t\t\t\t<\/div>\n\t\t<\/section>\n\t\t\t\t<section class=\"elementor-section elementor-top-section elementor-element elementor-element-e7ec8d7 elementor-section-height-min-height elementor-section-boxed elementor-section-height-default elementor-section-items-middle elementor-invisible\" data-id=\"e7ec8d7\" data-element_type=\"section\" data-settings=\"{&quot;background_background&quot;:&quot;gradient&quot;,&quot;animation&quot;:&quot;slideInLeft&quot;}\">\n\t\t\t\t\t\t<div class=\"elementor-container elementor-column-gap-no\">\n\t\t\t\t\t<div class=\"elementor-column elementor-col-100 elementor-top-column elementor-element elementor-element-a7dd4a4\" data-id=\"a7dd4a4\" data-element_type=\"column\">\n\t\t\t<div class=\"elementor-widget-wrap elementor-element-populated\">\n\t\t\t\t\t\t\t\t<div class=\"elementor-element elementor-element-e96649e e-grid-align-right elementor-absolute elementor-shape-rounded elementor-grid-0 elementor-widget elementor-widget-social-icons\" data-id=\"e96649e\" data-element_type=\"widget\" data-settings=\"{&quot;_position&quot;:&quot;absolute&quot;}\" data-widget_type=\"social-icons.default\">\n\t\t\t\t<div class=\"elementor-widget-container\">\n\t\t\t\t\t<div class=\"elementor-social-icons-wrapper elementor-grid\">\n\t\t\t\t\t\t\t<span class=\"elementor-grid-item\">\n\t\t\t\t\t<a class=\"elementor-icon elementor-social-icon elementor-social-icon-facebook elementor-repeater-item-417329b\" href=\"https:\/\/www.facebook.com\/triunfandoenla.vida\" target=\"_blank\">\n\t\t\t\t\t\t<span class=\"elementor-screen-only\">Facebook<\/span>\n\t\t\t\t\t\t<i class=\"fab fa-facebook\"><\/i>\t\t\t\t\t<\/a>\n\t\t\t\t<\/span>\n\t\t\t\t\t\t\t<span class=\"elementor-grid-item\">\n\t\t\t\t\t<a class=\"elementor-icon elementor-social-icon elementor-social-icon-whatsapp elementor-repeater-item-4dae0cb\" href=\"https:\/\/wa.me\/+59891965437?text=\u00a1Hola+tengo+una+consulta!\" target=\"_blank\">\n\t\t\t\t\t\t<span class=\"elementor-screen-only\">Whatsapp<\/span>\n\t\t\t\t\t\t<i class=\"fab fa-whatsapp\"><\/i>\t\t\t\t\t<\/a>\n\t\t\t\t<\/span>\n\t\t\t\t\t<\/div>\n\t\t\t\t<\/div>\n\t\t\t\t<\/div>\n\t\t\t\t<div class=\"elementor-element elementor-element-b92311f elementor-widget elementor-widget-radio_player\" data-id=\"b92311f\" data-element_type=\"widget\" data-widget_type=\"radio_player.default\">\n\t\t\t\t<div class=\"elementor-widget-container\">\n\t\t\t<div class=\"aligncenter\"><div class=\"radio_player\" data-player-type=\"shortcode\"data-data=\"eyJpZCI6MTU4LCJ0aXRsZSI6IlJhZGlvdW5vbmV0Iiwic3RhdHVzIjoxLCJza2luIjoic2tpbjIiLCJwb3B1cF9pY29uIjowLCJwbGF5ZXJfc3RhdHVzIjoxLCJwbGF5bGlzdF9pY29uIjowLCJ2b2x1bWVfY29udHJvbCI6MSwid2lkdGgiOiI4MDAiLCJib3JkZXJfcmFkaXVzIjoiMiIsImJnX3R5cGUiOiJjb2xvciIsImJnX2ltYWdlIjoiIiwidGV4dF9jb2xvciI6IiNmZmYiLCJwbGF5ZXJfdGV4dCI6IlBhcmEgdGkgbGFzIDI0IGhvcmFzIiwic3RhdGlvbnMiOlt7InRpdGxlIjoiUmFkaW91bm9uZXQiLCJzdHJlYW0iOiJodHRwczpcL1wvYXJnZW50aW5hLnJlcHVibGljYWhvc3RpbmcuY29tOjEwOTlcL2xpdmUiLCJ0aHVtYm5haWwiOiJodHRwczpcL1wvcmFkaW91bm9uZXQuY29tXC93cC1jb250ZW50XC9wbHVnaW5zXC9yYWRpby1wbGF5ZXJcL2Fzc2V0c1wvaW1hZ2VzXC9wbGFjZWhvbGRlci5wbmcifV0sImNvbG9yX3R5cGUiOiJncmFkaWVudCIsImJnX2NvbG9yIjoibGluZWFyLWdyYWRpZW50KHRvIGxlZnQsICMyNDM5NDkgMCUsICM1MTdmYTQgMTAwJSkifQ==\"><\/div><\/div>\t\t<\/div>\n\t\t\t\t<\/div>\n\t\t\t\t\t<\/div>\n\t\t<\/div>\n\t\t\t\t\t\t\t<\/div>\n\t\t<\/section>\n\t\t\t\t<section class=\"elementor-section elementor-top-section elementor-element elementor-element-64ad0yb elementor-section-boxed elementor-section-height-default elementor-section-height-default\" data-id=\"64ad0yb\" data-element_type=\"section\" data-settings=\"{&quot;background_background&quot;:&quot;classic&quot;}\">\n\t\t\t\t\t\t<div class=\"elementor-container elementor-column-gap-no\">\n\t\t\t\t\t<div class=\"elementor-column elementor-col-100 elementor-top-column elementor-element elementor-element-a3eea40\" data-id=\"a3eea40\" data-element_type=\"column\">\n\t\t\t<div class=\"elementor-widget-wrap elementor-element-populated\">\n\t\t\t\t\t\t\t\t<section class=\"elementor-section elementor-inner-section elementor-element elementor-element-f06e357 elementor-section-boxed elementor-section-height-default elementor-section-height-default\" data-id=\"f06e357\" data-element_type=\"section\">\n\t\t\t\t\t\t<div class=\"elementor-container elementor-column-gap-no\">\n\t\t\t\t\t<div class=\"elementor-column elementor-col-100 elementor-inner-column elementor-element elementor-element-13e0847\" data-id=\"13e0847\" data-element_type=\"column\">\n\t\t\t<div class=\"elementor-widget-wrap elementor-element-populated\">\n\t\t\t\t\t\t\t\t<div class=\"elementor-element elementor-element-615f2d8 elementor-absolute elementor-hidden-desktop elementor-widget elementor-widget-image\" data-id=\"615f2d8\" data-element_type=\"widget\" data-settings=\"{&quot;_position&quot;:&quot;absolute&quot;}\" data-widget_type=\"image.default\">\n\t\t\t\t<div class=\"elementor-widget-container\">\n\t\t\t\t\t\t\t\t\t\t\t\t\t\t\t<img loading=\"lazy\" decoding=\"async\" width=\"707\" height=\"260\" src=\"https:\/\/radiounonet.com\/wp-content\/uploads\/2022\/08\/fonod-radio.png\" class=\"attachment-large size-large\" alt=\"radiounonet\" srcset=\"https:\/\/radiounonet.com\/wp-content\/uploads\/2022\/08\/fonod-radio.png 707w, https:\/\/radiounonet.com\/wp-content\/uploads\/2022\/08\/fonod-radio-300x110.png 300w\" sizes=\"(max-width: 707px) 100vw, 707px\" \/>\t\t\t\t\t\t\t\t\t\t\t\t\t\t\t<\/div>\n\t\t\t\t<\/div>\n\t\t\t\t\t<\/div>\n\t\t<\/div>\n\t\t\t\t\t\t\t<\/div>\n\t\t<\/section>\n\t\t\t\t<section class=\"elementor-section elementor-inner-section elementor-element elementor-element-654d61a elementor-section-boxed elementor-section-height-default elementor-section-height-default\" data-id=\"654d61a\" data-element_type=\"section\">\n\t\t\t\t\t\t<div class=\"elementor-container elementor-column-gap-no\">\n\t\t\t\t\t<div class=\"elementor-column elementor-col-100 elementor-inner-column elementor-element elementor-element-e2c6a8d\" data-id=\"e2c6a8d\" data-element_type=\"column\">\n\t\t\t<div class=\"elementor-widget-wrap\">\n\t\t\t\t\t\t\t\t\t<\/div>\n\t\t<\/div>\n\t\t\t\t\t\t\t<\/div>\n\t\t<\/section>\n\t\t\t\t\t<\/div>\n\t\t<\/div>\n\t\t\t\t\t\t\t<\/div>\n\t\t<\/section>\n\t\t\t\t<section class=\"elementor-section elementor-top-section elementor-element elementor-element-xxvobyv elementor-section-full_width elementor-section-height-default elementor-section-height-default\" data-id=\"xxvobyv\" data-element_type=\"section\">\n\t\t\t\t\t\t<div class=\"elementor-container elementor-column-gap-no\">\n\t\t\t\t\t<div class=\"elementor-column elementor-col-100 elementor-top-column elementor-element elementor-element-0ab11ca\" data-id=\"0ab11ca\" data-element_type=\"column\">\n\t\t\t<div class=\"elementor-widget-wrap elementor-element-populated\">\n\t\t\t\t\t\t\t\t<div class=\"elementor-element elementor-element-189fbe3 elementor-widget elementor-widget-image-carousel\" data-id=\"189fbe3\" data-element_type=\"widget\" data-settings=\"{&quot;slides_to_show&quot;:&quot;6&quot;,&quot;slides_to_scroll&quot;:&quot;1&quot;,&quot;navigation&quot;:&quot;none&quot;,&quot;slides_to_show_tablet&quot;:&quot;4&quot;,&quot;slides_to_show_mobile&quot;:&quot;3&quot;,&quot;image_spacing_custom&quot;:{&quot;unit&quot;:&quot;px&quot;,&quot;size&quot;:0,&quot;sizes&quot;:[]},&quot;autoplay&quot;:&quot;yes&quot;,&quot;pause_on_hover&quot;:&quot;yes&quot;,&quot;pause_on_interaction&quot;:&quot;yes&quot;,&quot;autoplay_speed&quot;:5000,&quot;infinite&quot;:&quot;yes&quot;,&quot;speed&quot;:500}\" data-widget_type=\"image-carousel.default\">\n\t\t\t\t<div class=\"elementor-widget-container\">\n\t\t\t\t\t<div class=\"elementor-image-carousel-wrapper swiper-container\" dir=\"ltr\">\n\t\t\t<div class=\"elementor-image-carousel swiper-wrapper swiper-image-stretch\">\n\t\t\t\t\t\t\t\t<div class=\"swiper-slide\"><a data-elementor-open-lightbox=\"yes\" data-elementor-lightbox-slideshow=\"189fbe3\" data-elementor-lightbox-title=\"gallery-01-free-img.jpg\" e-action-hash=\"#elementor-action%3Aaction%3Dlightbox%26settings%3DeyJpZCI6NTIsInVybCI6Imh0dHBzOlwvXC9yYWRpb3Vub25ldC5jb21cL3dwLWNvbnRlbnRcL3VwbG9hZHNcLzIwMjJcLzA4XC9nYWxsZXJ5LTAxLWZyZWUtaW1nLTEuanBnIiwic2xpZGVzaG93IjoiMTg5ZmJlMyJ9\" href=\"https:\/\/radiounonet.com\/wp-content\/uploads\/2022\/08\/gallery-01-free-img-1.jpg\"><figure class=\"swiper-slide-inner\"><img decoding=\"async\" class=\"swiper-slide-image\" src=\"https:\/\/radiounonet.com\/wp-content\/uploads\/2022\/08\/gallery-01-free-img-1.jpg\" alt=\"gallery-01-free-img.jpg\" \/><\/figure><\/a><\/div><div class=\"swiper-slide\"><a data-elementor-open-lightbox=\"yes\" data-elementor-lightbox-slideshow=\"189fbe3\" data-elementor-lightbox-title=\"gallery-04-free-img.jpg\" e-action-hash=\"#elementor-action%3Aaction%3Dlightbox%26settings%3DeyJpZCI6NTMsInVybCI6Imh0dHBzOlwvXC9yYWRpb3Vub25ldC5jb21cL3dwLWNvbnRlbnRcL3VwbG9hZHNcLzIwMjJcLzA4XC9nYWxsZXJ5LTA0LWZyZWUtaW1nLTEuanBnIiwic2xpZGVzaG93IjoiMTg5ZmJlMyJ9\" href=\"https:\/\/radiounonet.com\/wp-content\/uploads\/2022\/08\/gallery-04-free-img-1.jpg\"><figure class=\"swiper-slide-inner\"><img decoding=\"async\" class=\"swiper-slide-image\" src=\"https:\/\/radiounonet.com\/wp-content\/uploads\/2022\/08\/gallery-04-free-img-1.jpg\" alt=\"gallery-04-free-img.jpg\" \/><\/figure><\/a><\/div><div class=\"swiper-slide\"><a data-elementor-open-lightbox=\"yes\" data-elementor-lightbox-slideshow=\"189fbe3\" data-elementor-lightbox-title=\"gallery-02-free-img.jpg\" e-action-hash=\"#elementor-action%3Aaction%3Dlightbox%26settings%3DeyJpZCI6NTQsInVybCI6Imh0dHBzOlwvXC9yYWRpb3Vub25ldC5jb21cL3dwLWNvbnRlbnRcL3VwbG9hZHNcLzIwMjJcLzA4XC9nYWxsZXJ5LTAyLWZyZWUtaW1nLTEuanBnIiwic2xpZGVzaG93IjoiMTg5ZmJlMyJ9\" href=\"https:\/\/radiounonet.com\/wp-content\/uploads\/2022\/08\/gallery-02-free-img-1.jpg\"><figure class=\"swiper-slide-inner\"><img decoding=\"async\" class=\"swiper-slide-image\" src=\"https:\/\/radiounonet.com\/wp-content\/uploads\/2022\/08\/gallery-02-free-img-1.jpg\" alt=\"gallery-02-free-img.jpg\" \/><\/figure><\/a><\/div><div class=\"swiper-slide\"><a data-elementor-open-lightbox=\"yes\" data-elementor-lightbox-slideshow=\"189fbe3\" data-elementor-lightbox-title=\"gallery-05-free-img.jpg\" e-action-hash=\"#elementor-action%3Aaction%3Dlightbox%26settings%3DeyJpZCI6NTUsInVybCI6Imh0dHBzOlwvXC9yYWRpb3Vub25ldC5jb21cL3dwLWNvbnRlbnRcL3VwbG9hZHNcLzIwMjJcLzA4XC9nYWxsZXJ5LTA1LWZyZWUtaW1nLTEuanBnIiwic2xpZGVzaG93IjoiMTg5ZmJlMyJ9\" href=\"https:\/\/radiounonet.com\/wp-content\/uploads\/2022\/08\/gallery-05-free-img-1.jpg\"><figure class=\"swiper-slide-inner\"><img decoding=\"async\" class=\"swiper-slide-image\" src=\"https:\/\/radiounonet.com\/wp-content\/uploads\/2022\/08\/gallery-05-free-img-1.jpg\" alt=\"gallery-05-free-img.jpg\" \/><\/figure><\/a><\/div><div class=\"swiper-slide\"><a data-elementor-open-lightbox=\"yes\" data-elementor-lightbox-slideshow=\"189fbe3\" data-elementor-lightbox-title=\"gallery-03-free-img.jpg\" e-action-hash=\"#elementor-action%3Aaction%3Dlightbox%26settings%3DeyJpZCI6NTYsInVybCI6Imh0dHBzOlwvXC9yYWRpb3Vub25ldC5jb21cL3dwLWNvbnRlbnRcL3VwbG9hZHNcLzIwMjJcLzA4XC9nYWxsZXJ5LTAzLWZyZWUtaW1nLTEuanBnIiwic2xpZGVzaG93IjoiMTg5ZmJlMyJ9\" href=\"https:\/\/radiounonet.com\/wp-content\/uploads\/2022\/08\/gallery-03-free-img-1.jpg\"><figure class=\"swiper-slide-inner\"><img decoding=\"async\" class=\"swiper-slide-image\" src=\"https:\/\/radiounonet.com\/wp-content\/uploads\/2022\/08\/gallery-03-free-img-1.jpg\" alt=\"gallery-03-free-img.jpg\" \/><\/figure><\/a><\/div>\t\t\t<\/div>\n\t\t\t\t\t\t\t\t\t\t\t\t\t\t\t\t<\/div>\n\t\t\t\t<\/div>\n\t\t\t\t<\/div>\n\t\t\t\t\t<\/div>\n\t\t<\/div>\n\t\t\t\t\t\t\t<\/div>\n\t\t<\/section>\n\t\t\t\t<section class=\"elementor-section elementor-top-section elementor-element elementor-element-2lsv9p7 elementor-section-boxed elementor-section-height-default elementor-section-height-default\" data-id=\"2lsv9p7\" data-element_type=\"section\">\n\t\t\t\t\t\t\t<div class=\"elementor-background-overlay\"><\/div>\n\t\t\t\t\t\t\t<div class=\"elementor-container elementor-column-gap-no\">\n\t\t\t\t\t<div class=\"elementor-column elementor-col-100 elementor-top-column elementor-element elementor-element-f7b2f08\" data-id=\"f7b2f08\" data-element_type=\"column\">\n\t\t\t<div class=\"elementor-widget-wrap elementor-element-populated\">\n\t\t\t\t\t\t\t\t<section class=\"elementor-section elementor-inner-section elementor-element elementor-element-d542b77 elementor-section-boxed elementor-section-height-default elementor-section-height-default\" data-id=\"d542b77\" data-element_type=\"section\">\n\t\t\t\t\t\t<div class=\"elementor-container elementor-column-gap-no\">\n\t\t\t\t\t<div class=\"elementor-column elementor-col-100 elementor-inner-column elementor-element elementor-element-df8b163\" data-id=\"df8b163\" data-element_type=\"column\">\n\t\t\t<div class=\"elementor-widget-wrap elementor-element-populated\">\n\t\t\t\t\t\t\t\t<div class=\"elementor-element elementor-element-5d5a60a elementor-widget elementor-widget-heading\" data-id=\"5d5a60a\" data-element_type=\"widget\" data-widget_type=\"heading.default\">\n\t\t\t\t<div class=\"elementor-widget-container\">\n\t\t\t<h2 class=\"elementor-heading-title elementor-size-default\">Descarga nuestra app <\/h2>\t\t<\/div>\n\t\t\t\t<\/div>\n\t\t\t\t<div class=\"elementor-element elementor-element-6358f5c elementor-widget-divider--view-line elementor-widget elementor-widget-divider\" data-id=\"6358f5c\" data-element_type=\"widget\" data-widget_type=\"divider.default\">\n\t\t\t\t<div class=\"elementor-widget-container\">\n\t\t\t\t\t<div class=\"elementor-divider\">\n\t\t\t<span class=\"elementor-divider-separator\">\n\t\t\t\t\t\t<\/span>\n\t\t<\/div>\n\t\t\t\t<\/div>\n\t\t\t\t<\/div>\n\t\t\t\t<div class=\"elementor-element elementor-element-d8c1673 elementor-widget elementor-widget-text-editor\" data-id=\"d8c1673\" data-element_type=\"widget\" data-widget_type=\"text-editor.default\">\n\t\t\t\t<div class=\"elementor-widget-container\">\n\t\t\t\t\t\t\t<p>Descarga la app y disfruta de tu m\u00fasica y programas favoritos las 24 horas sin interrupci\u00f3n\u00a0<\/p>\t\t\t\t\t\t<\/div>\n\t\t\t\t<\/div>\n\t\t\t\t\t<\/div>\n\t\t<\/div>\n\t\t\t\t\t\t\t<\/div>\n\t\t<\/section>\n\t\t\t\t<section class=\"elementor-section elementor-inner-section elementor-element elementor-element-4d1e4e1 elementor-section-boxed elementor-section-height-default elementor-section-height-default\" data-id=\"4d1e4e1\" data-element_type=\"section\">\n\t\t\t\t\t\t<div class=\"elementor-container elementor-column-gap-no\">\n\t\t\t\t\t<div class=\"elementor-column elementor-col-100 elementor-inner-column elementor-element elementor-element-652539d\" data-id=\"652539d\" data-element_type=\"column\">\n\t\t\t<div class=\"elementor-widget-wrap elementor-element-populated\">\n\t\t\t\t\t\t\t\t<div class=\"elementor-element elementor-element-fc800a8 elementor-absolute elementor-widget elementor-widget-image\" data-id=\"fc800a8\" data-element_type=\"widget\" data-settings=\"{&quot;_position&quot;:&quot;absolute&quot;}\" data-widget_type=\"image.default\">\n\t\t\t\t<div class=\"elementor-widget-container\">\n\t\t\t\t\t\t\t\t\t\t\t\t\t\t\t\t<a href=\"https:\/\/play.google.com\/store\/apps\/details?id=laradio.online.radiounonetok\">\n\t\t\t\t\t\t\t<img loading=\"lazy\" decoding=\"async\" width=\"646\" height=\"194\" src=\"https:\/\/radiounonet.com\/wp-content\/uploads\/2022\/08\/plays-log.png\" class=\"attachment-large size-large\" alt=\"radiounonet\" srcset=\"https:\/\/radiounonet.com\/wp-content\/uploads\/2022\/08\/plays-log.png 646w, https:\/\/radiounonet.com\/wp-content\/uploads\/2022\/08\/plays-log-300x90.png 300w\" sizes=\"(max-width: 646px) 100vw, 646px\" \/>\t\t\t\t\t\t\t\t<\/a>\n\t\t\t\t\t\t\t\t\t\t\t\t\t\t\t<\/div>\n\t\t\t\t<\/div>\n\t\t\t\t\t<\/div>\n\t\t<\/div>\n\t\t\t\t\t\t\t<\/div>\n\t\t<\/section>\n\t\t\t\t\t<\/div>\n\t\t<\/div>\n\t\t\t\t\t\t\t<\/div>\n\t\t<\/section>\n\t\t\t\t\t\t\t<\/div>\n\t\t","protected":false},"excerpt":{"rendered":"<p>La mejor m\u00fasica las 24 horas Facebook Whatsapp Previous Next Descarga nuestra app Descarga la app y disfruta de tu m\u00fasica y programas favoritos las 24 horas sin interrupci\u00f3n\u00a0<\/p>\n","protected":false},"author":1,"featured_media":0,"parent":0,"menu_order":0,"comment_status":"closed","ping_status":"closed","template":"elementor_canvas","meta":{"om_disable_all_campaigns":false,"_monsterinsights_skip_tracking":false,"_monsterinsights_sitenote_active":false,"_monsterinsights_sitenote_note":"","_monsterinsights_sitenote_category":0,"site-sidebar-layout":"default","site-content-layout":"default","ast-global-header-display":"","ast-main-header-display":"","ast-hfb-above-header-display":"","ast-hfb-below-header-display":"","ast-hfb-mobile-header-display":"","site-post-title":"","ast-breadcrumbs-content":"","ast-featured-img":"","footer-sml-layout":"","theme-transparent-header-meta":"","adv-header-id-meta":"","stick-header-meta":"","header-above-stick-meta":"","header-main-stick-meta":"","header-below-stick-meta":"","footnotes":""},"class_list":["post-18","page","type-page","status-publish","hentry"],"aioseo_notices":[],"_links":{"self":[{"href":"https:\/\/radiounonet.com\/index.php?rest_route=\/wp\/v2\/pages\/18"}],"collection":[{"href":"https:\/\/radiounonet.com\/index.php?rest_route=\/wp\/v2\/pages"}],"about":[{"href":"https:\/\/radiounonet.com\/index.php?rest_route=\/wp\/v2\/types\/page"}],"author":[{"embeddable":true,"href":"https:\/\/radiounonet.com\/index.php?rest_route=\/wp\/v2\/users\/1"}],"replies":[{"embeddable":true,"href":"https:\/\/radiounonet.com\/index.php?rest_route=%2Fwp%2Fv2%2Fcomments&post=18"}],"version-history":[{"count":278,"href":"https:\/\/radiounonet.com\/index.php?rest_route=\/wp\/v2\/pages\/18\/revisions"}],"predecessor-version":[{"id":356,"href":"https:\/\/radiounonet.com\/index.php?rest_route=\/wp\/v2\/pages\/18\/revisions\/356"}],"wp:attachment":[{"href":"https:\/\/radiounonet.com\/index.php?rest_route=%2Fwp%2Fv2%2Fmedia&parent=18"}],"curies":[{"name":"wp","href":"https:\/\/api.w.org\/{rel}","templated":true}]}}